{"id":95,"date":"2025-02-23T09:15:52","date_gmt":"2025-02-23T09:15:52","guid":{"rendered":"https:\/\/europejobbridge.nl\/?page_id=95"},"modified":"2025-07-28T23:39:08","modified_gmt":"2025-07-28T23:39:08","slug":"prijzen","status":"publish","type":"page","link":"https:\/\/europejobbridge.nl\/tr\/prijzen\/","title":{"rendered":"Fiyatlar"},"content":{"rendered":"<div data-elementor-type=\"wp-page\" data-elementor-id=\"95\" class=\"elementor elementor-95\" data-elementor-post-type=\"page\">\n\t\t\t\t<div class=\"elementor-element elementor-element-eea2839 e-flex e-con-boxed e-con e-parent\" data-id=\"eea2839\" data-element_type=\"container\" data-e-type=\"container\">\n\t\t\t\t\t<div class=\"e-con-inner\">\n\t\t\t\t<div class=\"elementor-element elementor-element-c38475e elementor-widget elementor-widget-heading\" data-id=\"c38475e\" data-element_type=\"widget\" data-e-type=\"widget\" data-widget_type=\"heading.default\">\n\t\t\t\t<div class=\"elementor-widget-container\">\n\t\t\t\t\t<h2 class=\"elementor-heading-title elementor-size-default\">Bizim <span style=\"color: #114A8B\">Fiyatlar<\/span><\/h2>\t\t\t\t<\/div>\n\t\t\t\t<\/div>\n\t\t\t\t\t<\/div>\n\t\t\t\t<\/div>\n\t\t<div class=\"elementor-element elementor-element-86a5c06 e-flex e-con-boxed e-con e-parent\" data-id=\"86a5c06\" data-element_type=\"container\" data-e-type=\"container\">\n\t\t\t\t\t<div class=\"e-con-inner\">\n\t\t\t\t<div class=\"elementor-element elementor-element-687fea2 elementor-widget__width-initial elementor-widget elementor-widget-price-table\" data-id=\"687fea2\" data-element_type=\"widget\" data-e-type=\"widget\" data-widget_type=\"price-table.default\">\n\t\t\t\t<div class=\"elementor-widget-container\">\n\t\t\t\t\t\n\t\t<div class=\"elementor-price-table\">\n\t\t\t\t\t\t\t<div class=\"elementor-price-table__header\">\n\t\t\t\t\t\t\t\t\t\t\t<h3 class=\"elementor-price-table__heading\">\n\t\t\t\t\t\tKay\u0131t ve Al\u0131m\t\t\t\t\t\t<\/h3>\n\t\t\t\t\t\n\t\t\t\t\t\t\t\t\t<\/div>\n\t\t\t\n\t\t\t<div class=\"elementor-price-table__price\">\n\t\t\t\t\t\t\t\t<span class=\"elementor-price-table__currency\">\u20ac<\/span>\t\t\t\t\t\t\t\t\t<span class=\"elementor-price-table__integer-part\">\n\t\t\t\t\t\t599\t\t\t\t\t<\/span>\n\t\t\t\t\n\t\t\t\t\n\t\t\t\t\n\t\t\t\t\t\t\t<\/div>\n\n\t\t\t\t\t\t\t<ul class=\"elementor-price-table__features-list\">\n\t\t\t\t\t\t\t\t\t\t\t<li class=\"elementor-repeater-item-4063976\">\n\t\t\t\t\t\t\t<div class=\"elementor-price-table__feature-inner\">\n\t\t\t\t\t\t\t\t<svg aria-hidden=\"true\" class=\"e-font-icon-svg e-far-check-circle\" viewbox=\"0 0 512 512\" xmlns=\"http:\/\/www.w3.org\/2000\/svg\"><path d=\"M256 8C119.033 8 8 119.033 8 256s111.033 248 248 248 248-111.033 248-248S392.967 8 256 8zm0 48c110.532 0 200 89.451 200 200 0 110.532-89.451 200-200 200-110.532 0-200-89.451-200-200 0-110.532 89.451-200 200-200m140.204 130.267l-22.536-22.718c-4.667-4.705-12.265-4.736-16.97-.068L215.346 303.697l-59.792-60.277c-4.667-4.705-12.265-4.736-16.97-.069l-22.719 22.536c-4.705 4.667-4.736 12.265-.068 16.971l90.781 91.516c4.667 4.705 12.265 4.736 16.97.068l172.589-171.204c4.704-4.668 4.734-12.266.067-16.971z\"><\/path><\/svg>\t\t\t\t\t\t\t\t\t\t\t\t\t\t\t\t\t<span >\n\t\t\t\t\t\t\t\t\t\t<b>Ki\u015fisel video m\u00fclakat\u0131 (al\u0131m)<\/b>\t\t\t\t\t\t\t\t\t<\/span>\n\t\t\t\t\t\t\t\t\t\t\t\t\t\t\t\t<\/div>\n\t\t\t\t\t\t<\/li>\n\t\t\t\t\t\t\t\t\t\t\t<li class=\"elementor-repeater-item-ce5b7dd\">\n\t\t\t\t\t\t\t<div class=\"elementor-price-table__feature-inner\">\n\t\t\t\t\t\t\t\t<svg aria-hidden=\"true\" class=\"e-font-icon-svg e-far-check-circle\" viewbox=\"0 0 512 512\" xmlns=\"http:\/\/www.w3.org\/2000\/svg\"><path d=\"M256 8C119.033 8 8 119.033 8 256s111.033 248 248 248 248-111.033 248-248S392.967 8 256 8zm0 48c110.532 0 200 89.451 200 200 0 110.532-89.451 200-200 200-110.532 0-200-89.451-200-200 0-110.532 89.451-200 200-200m140.204 130.267l-22.536-22.718c-4.667-4.705-12.265-4.736-16.97-.068L215.346 303.697l-59.792-60.277c-4.667-4.705-12.265-4.736-16.97-.069l-22.719 22.536c-4.705 4.667-4.736 12.265-.068 16.971l90.781 91.516c4.667 4.705 12.265 4.736 16.97.068l172.589-171.204c4.704-4.668 4.734-12.266.067-16.971z\"><\/path><\/svg>\t\t\t\t\t\t\t\t\t\t\t\t\t\t\t\t\t<span >\n\t\t\t\t\t\t\t\t\t\t<b>Profiliniz se\u00e7im havuzuna dahil edilecektir<\/b>\t\t\t\t\t\t\t\t\t<\/span>\n\t\t\t\t\t\t\t\t\t\t\t\t\t\t\t\t<\/div>\n\t\t\t\t\t\t<\/li>\n\t\t\t\t\t\t\t\t\t\t\t<li class=\"elementor-repeater-item-1016054\">\n\t\t\t\t\t\t\t<div class=\"elementor-price-table__feature-inner\">\n\t\t\t\t\t\t\t\t<svg aria-hidden=\"true\" class=\"e-font-icon-svg e-far-check-circle\" viewbox=\"0 0 512 512\" xmlns=\"http:\/\/www.w3.org\/2000\/svg\"><path d=\"M256 8C119.033 8 8 119.033 8 256s111.033 248 248 248 248-111.033 248-248S392.967 8 256 8zm0 48c110.532 0 200 89.451 200 200 0 110.532-89.451 200-200 200-110.532 0-200-89.451-200-200 0-110.532 89.451-200 200-200m140.204 130.267l-22.536-22.718c-4.667-4.705-12.265-4.736-16.97-.068L215.346 303.697l-59.792-60.277c-4.667-4.705-12.265-4.736-16.97-.069l-22.719 22.536c-4.705 4.667-4.736 12.265-.068 16.971l90.781 91.516c4.667 4.705 12.265 4.736 16.97.068l172.589-171.204c4.704-4.668 4.734-12.266.067-16.971z\"><\/path><\/svg>\t\t\t\t\t\t\t\t\t\t\t\t\t\t\t\t\t<span >\n\t\t\t\t\t\t\t\t\t\t<b>Haz\u0131rl\u0131k ve gerekli belgeler hakk\u0131nda rehberlik<\/b>\t\t\t\t\t\t\t\t\t<\/span>\n\t\t\t\t\t\t\t\t\t\t\t\t\t\t\t\t<\/div>\n\t\t\t\t\t\t<\/li>\n\t\t\t\t\t\t\t\t\t\t\t<li class=\"elementor-repeater-item-05856ae\">\n\t\t\t\t\t\t\t<div class=\"elementor-price-table__feature-inner\">\n\t\t\t\t\t\t\t\t<svg aria-hidden=\"true\" class=\"e-font-icon-svg e-far-check-circle\" viewbox=\"0 0 512 512\" xmlns=\"http:\/\/www.w3.org\/2000\/svg\"><path d=\"M256 8C119.033 8 8 119.033 8 256s111.033 248 248 248 248-111.033 248-248S392.967 8 256 8zm0 48c110.532 0 200 89.451 200 200 0 110.532-89.451 200-200 200-110.532 0-200-89.451-200-200 0-110.532 89.451-200 200-200m140.204 130.267l-22.536-22.718c-4.667-4.705-12.265-4.736-16.97-.068L215.346 303.697l-59.792-60.277c-4.667-4.705-12.265-4.736-16.97-.069l-22.719 22.536c-4.705 4.667-4.736 12.265-.068 16.971l90.781 91.516c4.667 4.705 12.265 4.736 16.97.068l172.589-171.204c4.704-4.668 4.734-12.266.067-16.971z\"><\/path><\/svg>\t\t\t\t\t\t\t\t\t\t\t\t\t\t\t\t\t<span >\n\t\t\t\t\t\t\t\t\t\t<b>Uygun \u00fclke ve sekt\u00f6r se\u00e7iminde yard\u0131m<\/b>\t\t\t\t\t\t\t\t\t<\/span>\n\t\t\t\t\t\t\t\t\t\t\t\t\t\t\t\t<\/div>\n\t\t\t\t\t\t<\/li>\n\t\t\t\t\t\t\t\t\t<\/ul>\n\t\t\t\n\t\t\t\t\t\t\t<div class=\"elementor-price-table__footer\">\n\t\t\t\t\t\t\t\t\t\t\t<a class=\"elementor-price-table__button elementor-button elementor-size-md\" href=\"https:\/\/europejobbridge.nl\/tr\/cart\/?add-to-cart=309\">\n\t\t\t\t\t\t\tKayd\u0131n\u0131z\u0131 ba\u015flat\u0131n\t\t\t\t\t\t<\/a>\n\t\t\t\t\t\n\t\t\t\t\t\t\t\t\t\t\t<div class=\"elementor-price-table__additional_info\">\n\t\t\t\t\t\t\t\ud83d\udd12 L\u00fctfen bu katk\u0131n\u0131n yerle\u015ftirmeyi garanti etmedi\u011fini, ancak t\u00fcm se\u00e7im s\u00fcrecine eri\u015fmenizi sa\u011flad\u0131\u011f\u0131n\u0131 unutmay\u0131n. 2.000'den fazla ba\u015fvuru aras\u0131ndan 500 aday se\u00e7ilecektir.\t\t\t\t\t\t<\/div>\n\t\t\t\t\t\t\t\t\t<\/div>\n\t\t\t\t\t<\/div>\n\n\t\t\t\t\t\t<\/div>\n\t\t\t\t<\/div>\n\t\t\t\t\t<\/div>\n\t\t\t\t<\/div>\n\t\t<div class=\"elementor-element elementor-element-2da438c e-flex e-con-boxed e-con e-parent\" data-id=\"2da438c\" data-element_type=\"container\" data-e-type=\"container\">\n\t\t\t\t\t<div class=\"e-con-inner\">\n\t\t\t\t<div class=\"elementor-element elementor-element-9e742a6 elementor-widget elementor-widget-text-editor\" data-id=\"9e742a6\" data-element_type=\"widget\" data-e-type=\"widget\" data-widget_type=\"text-editor.default\">\n\t\t\t\t<div class=\"elementor-widget-container\">\n\t\t\t\t\t\t\t\t\t<p class=\"p1\">599 \u20ac'nun bir yat\u0131r\u0131m oldu\u011funun fark\u0131nday\u0131z. Bu nedenle neler bekleyebilece\u011finiz konusunda tam bir netlik sa\u011flamak istiyoruz.<\/p><p class=\"p1\">Katk\u0131, \"\u00fccretli bir i\u015f\" de\u011fil, size yard\u0131mc\u0131 oldu\u011fumuz profesyonel olarak denetlenen bir programa eri\u015fimdir:<\/p><ul><li><p class=\"p1\">\u2714\ufe0f Deneyimli bir dan\u0131\u015fman ile giri\u015f g\u00f6r\u00fc\u015fmesi<\/p><\/li><li><p class=\"p1\">\u2714\ufe0f Dikkatli bir se\u00e7im s\u00fcrecine dahil olma<\/p><\/li><li><p class=\"p1\">\u2714\ufe0f En iyi \u00e7al\u0131\u015fma \u00fclkesi ve i\u015f profili hakk\u0131nda tavsiyeler<\/p><\/li><li><p class=\"p1\">\u2714\ufe0f Dok\u00fcmantasyon, haz\u0131rl\u0131k ve e\u015fle\u015ftirme konusunda destek<\/p><\/li><li><p class=\"p1\">\u2714\ufe0f Avrupa'da g\u00fcvenilir bir i\u015fverene do\u011fru rehberlik<\/p><\/li><\/ul><p class=\"p1\">Kurulu\u015fumuz binlerce ba\u015fvuruyu i\u015flemekte ve nicelikten ziyade nitelik i\u00e7in \u00e7aba g\u00f6stermektedir. Bu nedenle, yaln\u0131zca gelecekleri konusunda ciddi olan adaylarla \u00e7al\u0131\u015f\u0131yoruz.<\/p><blockquote><p>\ud83d\udee1\ufe0f <i>\u00d6demeniz yerle\u015ftirmeyi garanti etmez, ancak Avrupa mevzuat\u0131na tamamen uygun olarak t\u00fcm rotaya eri\u015fmenizi sa\u011flar.<\/i><\/p><\/blockquote>\t\t\t\t\t\t\t\t<\/div>\n\t\t\t\t<\/div>\n\t\t\t\t\t<\/div>\n\t\t\t\t<\/div>\n\t\t\t\t<\/div>","protected":false},"excerpt":{"rendered":"<p>Onze Prijzen Aanmelding &#038; Intake \u20ac 599 Persoonlijk videogesprek (intake) Je profiel wordt opgenomen in de selectiepool Begeleiding bij voorbereiding [&hellip;]<\/p>","protected":false},"author":1,"featured_media":0,"parent":0,"menu_order":0,"comment_status":"closed","ping_status":"open","template":"","meta":{"site-sidebar-layout":"no-sidebar","site-content-layout":"","ast-site-content-layout":"full-width-container","site-content-style":"default","site-sidebar-style":"default","ast-global-header-display":"","ast-banner-title-visibility":"","ast-main-header-display":"","ast-hfb-above-header-display":"","ast-hfb-below-header-display":"","ast-hfb-mobile-header-display":"","site-post-title":"disabled","ast-breadcrumbs-content":"","ast-featured-img":"disabled","footer-sml-layout":"","ast-disable-related-posts":"","theme-transparent-header-meta":"default","adv-header-id-meta":"","stick-header-meta":"","header-above-stick-meta":"","header-main-stick-meta":"","header-below-stick-meta":"","astra-migrate-meta-layouts":"set","ast-page-background-enabled":"default","ast-page-background-meta":{"desktop":{"background-color":"var(--ast-global-color-5)","background-image":"","background-repeat":"repeat","background-position":"center center","background-size":"auto","background-attachment":"scroll","background-type":"","background-media":"","overlay-type":"","overlay-color":"","overlay-opacity":"","overlay-gradient":""},"tablet":{"background-color":"","background-image":"","background-repeat":"repeat","background-position":"center center","background-size":"auto","background-attachment":"scroll","background-type":"","background-media":"","overlay-type":"","overlay-color":"","overlay-opacity":"","overlay-gradient":""},"mobile":{"background-color":"","background-image":"","background-repeat":"repeat","background-position":"center center","background-size":"auto","background-attachment":"scroll","background-type":"","background-media":"","overlay-type":"","overlay-color":"","overlay-opacity":"","overlay-gradient":""}},"ast-content-background-meta":{"desktop":{"background-color":"var(--ast-global-color-4)","background-image":"","background-repeat":"repeat","background-position":"center center","background-size":"auto","background-attachment":"scroll","background-type":"","background-media":"","overlay-type":"","overlay-color":"","overlay-opacity":"","overlay-gradient":""},"tablet":{"background-color":"var(--ast-global-color-4)","background-image":"","background-repeat":"repeat","background-position":"center center","background-size":"auto","background-attachment":"scroll","background-type":"","background-media":"","overlay-type":"","overlay-color":"","overlay-opacity":"","overlay-gradient":""},"mobile":{"background-color":"var(--ast-global-color-4)","background-image":"","background-repeat":"repeat","background-position":"center center","background-size":"auto","background-attachment":"scroll","background-type":"","background-media":"","overlay-type":"","overlay-color":"","overlay-opacity":"","overlay-gradient":""}},"footnotes":""},"class_list":["post-95","page","type-page","status-publish","hentry"],"yoast_head":"<!-- This site is optimized with the Yoast SEO plugin v26.8 - https:\/\/yoast.com\/product\/yoast-seo-wordpress\/ -->\n<title>Prijzen - Europe Job Bridge<\/title>\n<meta name=\"robots\" content=\"index, follow, max-snippet:-1, max-image-preview:large, max-video-preview:-1\" \/>\n<link rel=\"canonical\" href=\"https:\/\/europejobbridge.nl\/tr\/prijzen\/\" \/>\n<meta property=\"og:locale\" content=\"tr_TR\" \/>\n<meta property=\"og:type\" content=\"article\" \/>\n<meta property=\"og:title\" content=\"Prijzen - Europe Job Bridge\" \/>\n<meta property=\"og:description\" content=\"Onze Prijzen Aanmelding &#038; Intake \u20ac 599 Persoonlijk videogesprek (intake) Je profiel wordt opgenomen in de selectiepool Begeleiding bij voorbereiding [&hellip;]\" \/>\n<meta property=\"og:url\" content=\"https:\/\/europejobbridge.nl\/tr\/prijzen\/\" \/>\n<meta property=\"og:site_name\" content=\"Europe Job Bridge\" \/>\n<meta property=\"article:modified_time\" content=\"2025-07-28T23:39:08+00:00\" \/>\n<meta name=\"twitter:card\" content=\"summary_large_image\" \/>\n<meta name=\"twitter:label1\" content=\"Tahmini okuma s\u00fcresi\" \/>\n\t<meta name=\"twitter:data1\" content=\"1 dakika\" \/>\n<script type=\"application\/ld+json\" class=\"yoast-schema-graph\">{\"@context\":\"https:\/\/schema.org\",\"@graph\":[{\"@type\":\"WebPage\",\"@id\":\"https:\/\/europejobbridge.nl\/tr\/prijzen\/\",\"url\":\"https:\/\/europejobbridge.nl\/tr\/prijzen\/\",\"name\":\"Prijzen - Europe Job Bridge\",\"isPartOf\":{\"@id\":\"https:\/\/europejobbridge.nl\/#website\"},\"datePublished\":\"2025-02-23T09:15:52+00:00\",\"dateModified\":\"2025-07-28T23:39:08+00:00\",\"breadcrumb\":{\"@id\":\"https:\/\/europejobbridge.nl\/tr\/prijzen\/#breadcrumb\"},\"inLanguage\":\"tr\",\"potentialAction\":[{\"@type\":\"ReadAction\",\"target\":[\"https:\/\/europejobbridge.nl\/tr\/prijzen\/\"]}]},{\"@type\":\"BreadcrumbList\",\"@id\":\"https:\/\/europejobbridge.nl\/tr\/prijzen\/#breadcrumb\",\"itemListElement\":[{\"@type\":\"ListItem\",\"position\":1,\"name\":\"Home\",\"item\":\"https:\/\/europejobbridge.nl\/\"},{\"@type\":\"ListItem\",\"position\":2,\"name\":\"Prijzen\"}]},{\"@type\":\"WebSite\",\"@id\":\"https:\/\/europejobbridge.nl\/#website\",\"url\":\"https:\/\/europejobbridge.nl\/\",\"name\":\"Europe Job Bridge\",\"description\":\"\",\"potentialAction\":[{\"@type\":\"SearchAction\",\"target\":{\"@type\":\"EntryPoint\",\"urlTemplate\":\"https:\/\/europejobbridge.nl\/?s={search_term_string}\"},\"query-input\":{\"@type\":\"PropertyValueSpecification\",\"valueRequired\":true,\"valueName\":\"search_term_string\"}}],\"inLanguage\":\"tr\"}]}<\/script>\n<!-- \/ Yoast SEO plugin. -->","yoast_head_json":{"title":"Prijzen - Europe Job Bridge","robots":{"index":"index","follow":"follow","max-snippet":"max-snippet:-1","max-image-preview":"max-image-preview:large","max-video-preview":"max-video-preview:-1"},"canonical":"https:\/\/europejobbridge.nl\/tr\/prijzen\/","og_locale":"tr_TR","og_type":"article","og_title":"Prijzen - Europe Job Bridge","og_description":"Onze Prijzen Aanmelding &#038; Intake \u20ac 599 Persoonlijk videogesprek (intake) Je profiel wordt opgenomen in de selectiepool Begeleiding bij voorbereiding [&hellip;]","og_url":"https:\/\/europejobbridge.nl\/tr\/prijzen\/","og_site_name":"Europe Job Bridge","article_modified_time":"2025-07-28T23:39:08+00:00","twitter_card":"summary_large_image","twitter_misc":{"Tahmini okuma s\u00fcresi":"1 dakika"},"schema":{"@context":"https:\/\/schema.org","@graph":[{"@type":"WebPage","@id":"https:\/\/europejobbridge.nl\/tr\/prijzen\/","url":"https:\/\/europejobbridge.nl\/tr\/prijzen\/","name":"Prijzen - Europe Job Bridge","isPartOf":{"@id":"https:\/\/europejobbridge.nl\/#website"},"datePublished":"2025-02-23T09:15:52+00:00","dateModified":"2025-07-28T23:39:08+00:00","breadcrumb":{"@id":"https:\/\/europejobbridge.nl\/tr\/prijzen\/#breadcrumb"},"inLanguage":"tr","potentialAction":[{"@type":"ReadAction","target":["https:\/\/europejobbridge.nl\/tr\/prijzen\/"]}]},{"@type":"BreadcrumbList","@id":"https:\/\/europejobbridge.nl\/tr\/prijzen\/#breadcrumb","itemListElement":[{"@type":"ListItem","position":1,"name":"Home","item":"https:\/\/europejobbridge.nl\/"},{"@type":"ListItem","position":2,"name":"Prijzen"}]},{"@type":"WebSite","@id":"https:\/\/europejobbridge.nl\/#website","url":"https:\/\/europejobbridge.nl\/","name":"Avrupa \u0130\u015f K\u00f6pr\u00fcs\u00fc","description":"","potentialAction":[{"@type":"SearchAction","target":{"@type":"EntryPoint","urlTemplate":"https:\/\/europejobbridge.nl\/?s={search_term_string}"},"query-input":{"@type":"PropertyValueSpecification","valueRequired":true,"valueName":"search_term_string"}}],"inLanguage":"tr"}]}},"_links":{"self":[{"href":"https:\/\/europejobbridge.nl\/tr\/wp-json\/wp\/v2\/pages\/95","targetHints":{"allow":["GET"]}}],"collection":[{"href":"https:\/\/europejobbridge.nl\/tr\/wp-json\/wp\/v2\/pages"}],"about":[{"href":"https:\/\/europejobbridge.nl\/tr\/wp-json\/wp\/v2\/types\/page"}],"author":[{"embeddable":true,"href":"https:\/\/europejobbridge.nl\/tr\/wp-json\/wp\/v2\/users\/1"}],"replies":[{"embeddable":true,"href":"https:\/\/europejobbridge.nl\/tr\/wp-json\/wp\/v2\/comments?post=95"}],"version-history":[{"count":45,"href":"https:\/\/europejobbridge.nl\/tr\/wp-json\/wp\/v2\/pages\/95\/revisions"}],"predecessor-version":[{"id":808,"href":"https:\/\/europejobbridge.nl\/tr\/wp-json\/wp\/v2\/pages\/95\/revisions\/808"}],"wp:attachment":[{"href":"https:\/\/europejobbridge.nl\/tr\/wp-json\/wp\/v2\/media?parent=95"}],"curies":[{"name":"wp","href":"https:\/\/api.w.org\/{rel}","templated":true}]}}