{"id":71,"date":"2025-02-20T11:51:07","date_gmt":"2025-02-20T11:51:07","guid":{"rendered":"https:\/\/europejobbridge.nl\/?page_id=71"},"modified":"2025-07-28T17:12:13","modified_gmt":"2025-07-28T17:12:13","slug":"over-ons","status":"publish","type":"page","link":"https:\/\/europejobbridge.nl\/tr\/over-ons\/","title":{"rendered":"Hakk\u0131m\u0131zda"},"content":{"rendered":"<div data-elementor-type=\"wp-page\" data-elementor-id=\"71\" class=\"elementor elementor-71\" data-elementor-post-type=\"page\">\n\t\t\t\t<div class=\"elementor-element elementor-element-6e576ac e-flex e-con-boxed e-con e-parent\" data-id=\"6e576ac\" data-element_type=\"container\" data-e-type=\"container\">\n\t\t\t\t\t<div class=\"e-con-inner\">\n\t\t<div class=\"elementor-element elementor-element-0efdac7 e-con-full e-flex e-con e-child\" data-id=\"0efdac7\" data-element_type=\"container\" data-e-type=\"container\">\n\t\t\t\t<div class=\"elementor-element elementor-element-73706a2 elementor-widget elementor-widget-image\" data-id=\"73706a2\" data-element_type=\"widget\" data-e-type=\"widget\" data-widget_type=\"image.default\">\n\t\t\t\t<div class=\"elementor-widget-container\">\n\t\t\t\t\t\t\t\t\t\t\t\t\t\t\t<img fetchpriority=\"high\" decoding=\"async\" width=\"1280\" height=\"854\" src=\"https:\/\/europejobbridge.nl\/wp-content\/uploads\/2025\/02\/pexels-fauxels-3183150.jpg\" class=\"attachment-full size-full wp-image-110\" alt=\"\" srcset=\"https:\/\/europejobbridge.nl\/wp-content\/uploads\/2025\/02\/pexels-fauxels-3183150.jpg 1280w, https:\/\/europejobbridge.nl\/wp-content\/uploads\/2025\/02\/pexels-fauxels-3183150-300x200.jpg 300w, https:\/\/europejobbridge.nl\/wp-content\/uploads\/2025\/02\/pexels-fauxels-3183150-1024x683.jpg 1024w, https:\/\/europejobbridge.nl\/wp-content\/uploads\/2025\/02\/pexels-fauxels-3183150-768x512.jpg 768w, https:\/\/europejobbridge.nl\/wp-content\/uploads\/2025\/02\/pexels-fauxels-3183150-600x400.jpg 600w\" sizes=\"(max-width: 1280px) 100vw, 1280px\" \/>\t\t\t\t\t\t\t\t\t\t\t\t\t\t\t<\/div>\n\t\t\t\t<\/div>\n\t\t\t\t<\/div>\n\t\t<div class=\"elementor-element elementor-element-11f8aad e-con-full e-flex e-con e-child\" data-id=\"11f8aad\" data-element_type=\"container\" data-e-type=\"container\">\n\t\t\t\t<div class=\"elementor-element elementor-element-ddf3a19 elementor-widget elementor-widget-spacer\" data-id=\"ddf3a19\" data-element_type=\"widget\" data-e-type=\"widget\" data-widget_type=\"spacer.default\">\n\t\t\t\t<div class=\"elementor-widget-container\">\n\t\t\t\t\t\t\t<div class=\"elementor-spacer\">\n\t\t\t<div class=\"elementor-spacer-inner\"><\/div>\n\t\t<\/div>\n\t\t\t\t\t\t<\/div>\n\t\t\t\t<\/div>\n\t\t\t\t<div class=\"elementor-element elementor-element-b7b5c5a elementor-widget elementor-widget-heading\" data-id=\"b7b5c5a\" data-element_type=\"widget\" data-e-type=\"widget\" data-widget_type=\"heading.default\">\n\t\t\t\t<div class=\"elementor-widget-container\">\n\t\t\t\t\t<h2 class=\"elementor-heading-title elementor-size-default\">Over Europe Job Bridge<\/h2>\t\t\t\t<\/div>\n\t\t\t\t<\/div>\n\t\t\t\t<div class=\"elementor-element elementor-element-d8d8fcf elementor-widget elementor-widget-text-editor\" data-id=\"d8d8fcf\" data-element_type=\"widget\" data-e-type=\"widget\" data-widget_type=\"text-editor.default\">\n\t\t\t\t<div class=\"elementor-widget-container\">\n\t\t\t\t\t\t\t\t\t<p class=\"p1\"><b>Europe Job Bridge helpt internationale werkzoekenden aan een eerlijke kans op werk in Europa.<\/b><b><\/b><\/p><p class=\"p2\">Wij begeleiden je stap voor stap \u2014 van intake tot plaatsing \u2014 en werken uitsluitend samen met betrouwbare, legale werkgevers binnen de EU.<\/p><p class=\"p2\">Onze missie is helder: kansen cre\u00ebren, grenzen overbruggen en mensen verbinden met duurzame werkgelegenheid.<\/p><p>\u2705 Transparant proces<\/p><p>\u2705 E\u00e9nmalige bijdrage, g\u00e9\u00e9n verborgen kosten<\/p><p>\u2705 Altijd volgens Europese wet- en regelgeving<\/p>\t\t\t\t\t\t\t\t<\/div>\n\t\t\t\t<\/div>\n\t\t\t\t<div class=\"elementor-element elementor-element-1ce5b87 elementor-align-center elementor-widget__width-initial elementor-widget elementor-widget-button\" data-id=\"1ce5b87\" data-element_type=\"widget\" data-e-type=\"widget\" data-widget_type=\"button.default\">\n\t\t\t\t<div class=\"elementor-widget-container\">\n\t\t\t\t\t\t\t\t\t<div class=\"elementor-button-wrapper\">\n\t\t\t\t\t<a class=\"elementor-button elementor-button-link elementor-size-sm elementor-animation-grow\" href=\"https:\/\/europejobbridge.nl\/tr\/precios\/\">\n\t\t\t\t\t\t<span class=\"elementor-button-content-wrapper\">\n\t\t\t\t\t\t\t\t\t<span class=\"elementor-button-text\">Plan je gratis kennismaking<\/span>\n\t\t\t\t\t<\/span>\n\t\t\t\t\t<\/a>\n\t\t\t\t<\/div>\n\t\t\t\t\t\t\t\t<\/div>\n\t\t\t\t<\/div>\n\t\t\t\t<\/div>\n\t\t\t\t\t<\/div>\n\t\t\t\t<\/div>\n\t\t<div class=\"elementor-element elementor-element-a1cb084 e-flex e-con-boxed e-con e-parent\" data-id=\"a1cb084\" data-element_type=\"container\" data-e-type=\"container\" data-settings=\"{&quot;background_background&quot;:&quot;classic&quot;}\">\n\t\t\t\t\t<div class=\"e-con-inner\">\n\t\t<div class=\"elementor-element elementor-element-d6b2372 e-con-full e-flex e-con e-child\" data-id=\"d6b2372\" data-element_type=\"container\" data-e-type=\"container\">\n\t\t\t\t<div class=\"elementor-element elementor-element-15cd4bc elementor-widget elementor-widget-heading\" data-id=\"15cd4bc\" data-element_type=\"widget\" data-e-type=\"widget\" data-widget_type=\"heading.default\">\n\t\t\t\t<div class=\"elementor-widget-container\">\n\t\t\t\t\t<h2 class=\"elementor-heading-title elementor-size-default\">Bizim <span style=\"color: #60fdfc\"> Missie &amp; Visie<\/span>\n<\/h2>\t\t\t\t<\/div>\n\t\t\t\t<\/div>\n\t\t\t\t<div class=\"elementor-element elementor-element-523915b elementor-widget elementor-widget-text-editor\" data-id=\"523915b\" data-element_type=\"widget\" data-e-type=\"widget\" data-widget_type=\"text-editor.default\">\n\t\t\t\t<div class=\"elementor-widget-container\">\n\t\t\t\t\t\t\t\t\t<p class=\"p1\">\u00a0<\/p><h3><b>\ud83c\udfaf Onze Missie<\/b><\/h3><p>\u00a0<\/p><p class=\"p3\">Bij <span class=\"s2\"><b>Avrupa \u0130\u015f K\u00f6pr\u00fcs\u00fc<\/b><\/span> geloven we dat iedereen, ongeacht afkomst of woonplaats, recht heeft op een eerlijke kans op werk in Europa.<\/p><p class=\"p3\">Wij zijn opgericht met \u00e9\u00e9n helder doel:<\/p><p class=\"p4\"><b>het overbruggen van de kloof tussen gemotiveerde internationale werkzoekenden en betrouwbare Europese werkgevers.<\/b><b><\/b><\/p><p class=\"p3\">Wereldwijd zijn er miljoenen mensen die w\u00edllen werken, maar niet de juiste connecties, kennis of begeleiding hebben. Tegelijkertijd kampen Europese bedrijven met structurele personeelstekorten. Wij brengen deze twee werelden bij elkaar \u2014 transparant, legaal en mensgericht.<\/p><p class=\"p1\">\u00a0<\/p><hr \/><p>\u00a0<\/p><p class=\"p1\">\u00a0<\/p><h3><b>\ud83d\udc41\ufe0f Onze Visie<\/b><\/h3><p>\u00a0<\/p><p class=\"p3\">Wij streven naar een Europa waarin internationale werkgelegenheid toegankelijk is voor iedereen met motivatie, inzet en talent.<\/p><p class=\"p3\">Een Europa waarin mensen niet worden buitengesloten door bureaucratie of misleiding, maar geholpen worden met duidelijke begeleiding, eerlijke processen en respectvolle behandeling.<\/p><p class=\"p3\">Wij willen h\u00e9t bruggenbouwende platform zijn tussen kanszoekenden en kansbieders \u2014 een organisatie die staat voor vertrouwen, transparantie en \u00e9chte impact.<\/p><p class=\"p1\">\u00a0<\/p><hr \/><p>\u00a0<\/p><blockquote>\ud83d\udca1 <i>We bouwen geen tijdelijke oplossingen, maar duurzame verbindingen tussen mens en werk.<\/i><\/blockquote>\t\t\t\t\t\t\t\t<\/div>\n\t\t\t\t<\/div>\n\t\t\t\t<div class=\"elementor-element elementor-element-8b45cd2 elementor-align-center elementor-widget__width-initial elementor-widget elementor-widget-button\" data-id=\"8b45cd2\" data-element_type=\"widget\" data-e-type=\"widget\" data-widget_type=\"button.default\">\n\t\t\t\t<div class=\"elementor-widget-container\">\n\t\t\t\t\t\t\t\t\t<div class=\"elementor-button-wrapper\">\n\t\t\t\t\t<a class=\"elementor-button elementor-size-sm elementor-animation-grow\" role=\"button\">\n\t\t\t\t\t\t<span class=\"elementor-button-content-wrapper\">\n\t\t\t\t\t\t\t\t\t<span class=\"elementor-button-text\">Start Direct!<\/span>\n\t\t\t\t\t<\/span>\n\t\t\t\t\t<\/a>\n\t\t\t\t<\/div>\n\t\t\t\t\t\t\t\t<\/div>\n\t\t\t\t<\/div>\n\t\t\t\t<\/div>\n\t\t\t\t\t<\/div>\n\t\t\t\t<\/div>\n\t\t\t\t<\/div>","protected":false},"excerpt":{"rendered":"<p>Over Europe Job Bridge Europe Job Bridge helpt internationale werkzoekenden aan een eerlijke kans op werk in Europa. Wij begeleiden [&hellip;]<\/p>","protected":false},"author":1,"featured_media":0,"parent":0,"menu_order":0,"comment_status":"closed","ping_status":"open","template":"","meta":{"site-sidebar-layout":"no-sidebar","site-content-layout":"","ast-site-content-layout":"full-width-container","site-content-style":"default","site-sidebar-style":"default","ast-global-header-display":"","ast-banner-title-visibility":"","ast-main-header-display":"","ast-hfb-above-header-display":"","ast-hfb-below-header-display":"","ast-hfb-mobile-header-display":"","site-post-title":"disabled","ast-breadcrumbs-content":"","ast-featured-img":"disabled","footer-sml-layout":"","ast-disable-related-posts":"","theme-transparent-header-meta":"default","adv-header-id-meta":"","stick-header-meta":"","header-above-stick-meta":"","header-main-stick-meta":"","header-below-stick-meta":"","astra-migrate-meta-layouts":"set","ast-page-background-enabled":"default","ast-page-background-meta":{"desktop":{"background-color":"var(--ast-global-color-5)","background-image":"","background-repeat":"repeat","background-position":"center center","background-size":"auto","background-attachment":"scroll","background-type":"","background-media":"","overlay-type":"","overlay-color":"","overlay-opacity":"","overlay-gradient":""},"tablet":{"background-color":"","background-image":"","background-repeat":"repeat","background-position":"center center","background-size":"auto","background-attachment":"scroll","background-type":"","background-media":"","overlay-type":"","overlay-color":"","overlay-opacity":"","overlay-gradient":""},"mobile":{"background-color":"","background-image":"","background-repeat":"repeat","background-position":"center center","background-size":"auto","background-attachment":"scroll","background-type":"","background-media":"","overlay-type":"","overlay-color":"","overlay-opacity":"","overlay-gradient":""}},"ast-content-background-meta":{"desktop":{"background-color":"var(--ast-global-color-4)","background-image":"","background-repeat":"repeat","background-position":"center center","background-size":"auto","background-attachment":"scroll","background-type":"","background-media":"","overlay-type":"","overlay-color":"","overlay-opacity":"","overlay-gradient":""},"tablet":{"background-color":"var(--ast-global-color-4)","background-image":"","background-repeat":"repeat","background-position":"center center","background-size":"auto","background-attachment":"scroll","background-type":"","background-media":"","overlay-type":"","overlay-color":"","overlay-opacity":"","overlay-gradient":""},"mobile":{"background-color":"var(--ast-global-color-4)","background-image":"","background-repeat":"repeat","background-position":"center center","background-size":"auto","background-attachment":"scroll","background-type":"","background-media":"","overlay-type":"","overlay-color":"","overlay-opacity":"","overlay-gradient":""}},"footnotes":""},"class_list":["post-71","page","type-page","status-publish","hentry"],"yoast_head":"<!-- This site is optimized with the Yoast SEO plugin v26.8 - https:\/\/yoast.com\/product\/yoast-seo-wordpress\/ -->\n<title>Over Ons - Europe Job Bridge<\/title>\n<meta name=\"robots\" content=\"index, follow, max-snippet:-1, max-image-preview:large, max-video-preview:-1\" \/>\n<link rel=\"canonical\" href=\"https:\/\/europejobbridge.nl\/tr\/over-ons\/\" \/>\n<meta property=\"og:locale\" content=\"tr_TR\" \/>\n<meta property=\"og:type\" content=\"article\" \/>\n<meta property=\"og:title\" content=\"Over Ons - Europe Job Bridge\" \/>\n<meta property=\"og:description\" content=\"Over Europe Job Bridge Europe Job Bridge helpt internationale werkzoekenden aan een eerlijke kans op werk in Europa. Wij begeleiden [&hellip;]\" \/>\n<meta property=\"og:url\" content=\"https:\/\/europejobbridge.nl\/tr\/over-ons\/\" \/>\n<meta property=\"og:site_name\" content=\"Europe Job Bridge\" \/>\n<meta property=\"article:modified_time\" content=\"2025-07-28T17:12:13+00:00\" \/>\n<meta property=\"og:image\" content=\"https:\/\/europejobbridge.nl\/wp-content\/uploads\/2025\/02\/pexels-fauxels-3183150.jpg\" \/>\n<meta name=\"twitter:card\" content=\"summary_large_image\" \/>\n<meta name=\"twitter:label1\" content=\"Tahmini okuma s\u00fcresi\" \/>\n\t<meta name=\"twitter:data1\" content=\"1 dakika\" \/>\n<script type=\"application\/ld+json\" class=\"yoast-schema-graph\">{\"@context\":\"https:\/\/schema.org\",\"@graph\":[{\"@type\":\"WebPage\",\"@id\":\"https:\/\/europejobbridge.nl\/tr\/over-ons\/\",\"url\":\"https:\/\/europejobbridge.nl\/tr\/over-ons\/\",\"name\":\"Over Ons - Europe Job Bridge\",\"isPartOf\":{\"@id\":\"https:\/\/europejobbridge.nl\/#website\"},\"primaryImageOfPage\":{\"@id\":\"https:\/\/europejobbridge.nl\/tr\/over-ons\/#primaryimage\"},\"image\":{\"@id\":\"https:\/\/europejobbridge.nl\/tr\/over-ons\/#primaryimage\"},\"thumbnailUrl\":\"https:\/\/europejobbridge.nl\/wp-content\/uploads\/2025\/02\/pexels-fauxels-3183150.jpg\",\"datePublished\":\"2025-02-20T11:51:07+00:00\",\"dateModified\":\"2025-07-28T17:12:13+00:00\",\"breadcrumb\":{\"@id\":\"https:\/\/europejobbridge.nl\/tr\/over-ons\/#breadcrumb\"},\"inLanguage\":\"tr\",\"potentialAction\":[{\"@type\":\"ReadAction\",\"target\":[\"https:\/\/europejobbridge.nl\/tr\/over-ons\/\"]}]},{\"@type\":\"ImageObject\",\"inLanguage\":\"tr\",\"@id\":\"https:\/\/europejobbridge.nl\/tr\/over-ons\/#primaryimage\",\"url\":\"https:\/\/europejobbridge.nl\/wp-content\/uploads\/2025\/02\/pexels-fauxels-3183150.jpg\",\"contentUrl\":\"https:\/\/europejobbridge.nl\/wp-content\/uploads\/2025\/02\/pexels-fauxels-3183150.jpg\"},{\"@type\":\"BreadcrumbList\",\"@id\":\"https:\/\/europejobbridge.nl\/tr\/over-ons\/#breadcrumb\",\"itemListElement\":[{\"@type\":\"ListItem\",\"position\":1,\"name\":\"Home\",\"item\":\"https:\/\/europejobbridge.nl\/\"},{\"@type\":\"ListItem\",\"position\":2,\"name\":\"Over Ons\"}]},{\"@type\":\"WebSite\",\"@id\":\"https:\/\/europejobbridge.nl\/#website\",\"url\":\"https:\/\/europejobbridge.nl\/\",\"name\":\"Europe Job Bridge\",\"description\":\"\",\"potentialAction\":[{\"@type\":\"SearchAction\",\"target\":{\"@type\":\"EntryPoint\",\"urlTemplate\":\"https:\/\/europejobbridge.nl\/?s={search_term_string}\"},\"query-input\":{\"@type\":\"PropertyValueSpecification\",\"valueRequired\":true,\"valueName\":\"search_term_string\"}}],\"inLanguage\":\"tr\"}]}<\/script>\n<!-- \/ Yoast SEO plugin. -->","yoast_head_json":{"title":"Over Ons - Europe Job Bridge","robots":{"index":"index","follow":"follow","max-snippet":"max-snippet:-1","max-image-preview":"max-image-preview:large","max-video-preview":"max-video-preview:-1"},"canonical":"https:\/\/europejobbridge.nl\/tr\/over-ons\/","og_locale":"tr_TR","og_type":"article","og_title":"Over Ons - Europe Job Bridge","og_description":"Over Europe Job Bridge Europe Job Bridge helpt internationale werkzoekenden aan een eerlijke kans op werk in Europa. Wij begeleiden [&hellip;]","og_url":"https:\/\/europejobbridge.nl\/tr\/over-ons\/","og_site_name":"Europe Job Bridge","article_modified_time":"2025-07-28T17:12:13+00:00","og_image":[{"url":"https:\/\/europejobbridge.nl\/wp-content\/uploads\/2025\/02\/pexels-fauxels-3183150.jpg","type":"","width":"","height":""}],"twitter_card":"summary_large_image","twitter_misc":{"Tahmini okuma s\u00fcresi":"1 dakika"},"schema":{"@context":"https:\/\/schema.org","@graph":[{"@type":"WebPage","@id":"https:\/\/europejobbridge.nl\/tr\/over-ons\/","url":"https:\/\/europejobbridge.nl\/tr\/over-ons\/","name":"Over Ons - Europe Job Bridge","isPartOf":{"@id":"https:\/\/europejobbridge.nl\/#website"},"primaryImageOfPage":{"@id":"https:\/\/europejobbridge.nl\/tr\/over-ons\/#primaryimage"},"image":{"@id":"https:\/\/europejobbridge.nl\/tr\/over-ons\/#primaryimage"},"thumbnailUrl":"https:\/\/europejobbridge.nl\/wp-content\/uploads\/2025\/02\/pexels-fauxels-3183150.jpg","datePublished":"2025-02-20T11:51:07+00:00","dateModified":"2025-07-28T17:12:13+00:00","breadcrumb":{"@id":"https:\/\/europejobbridge.nl\/tr\/over-ons\/#breadcrumb"},"inLanguage":"tr","potentialAction":[{"@type":"ReadAction","target":["https:\/\/europejobbridge.nl\/tr\/over-ons\/"]}]},{"@type":"ImageObject","inLanguage":"tr","@id":"https:\/\/europejobbridge.nl\/tr\/over-ons\/#primaryimage","url":"https:\/\/europejobbridge.nl\/wp-content\/uploads\/2025\/02\/pexels-fauxels-3183150.jpg","contentUrl":"https:\/\/europejobbridge.nl\/wp-content\/uploads\/2025\/02\/pexels-fauxels-3183150.jpg"},{"@type":"BreadcrumbList","@id":"https:\/\/europejobbridge.nl\/tr\/over-ons\/#breadcrumb","itemListElement":[{"@type":"ListItem","position":1,"name":"Home","item":"https:\/\/europejobbridge.nl\/"},{"@type":"ListItem","position":2,"name":"Over Ons"}]},{"@type":"WebSite","@id":"https:\/\/europejobbridge.nl\/#website","url":"https:\/\/europejobbridge.nl\/","name":"Avrupa \u0130\u015f K\u00f6pr\u00fcs\u00fc","description":"","potentialAction":[{"@type":"SearchAction","target":{"@type":"EntryPoint","urlTemplate":"https:\/\/europejobbridge.nl\/?s={search_term_string}"},"query-input":{"@type":"PropertyValueSpecification","valueRequired":true,"valueName":"search_term_string"}}],"inLanguage":"tr"}]}},"_links":{"self":[{"href":"https:\/\/europejobbridge.nl\/tr\/wp-json\/wp\/v2\/pages\/71","targetHints":{"allow":["GET"]}}],"collection":[{"href":"https:\/\/europejobbridge.nl\/tr\/wp-json\/wp\/v2\/pages"}],"about":[{"href":"https:\/\/europejobbridge.nl\/tr\/wp-json\/wp\/v2\/types\/page"}],"author":[{"embeddable":true,"href":"https:\/\/europejobbridge.nl\/tr\/wp-json\/wp\/v2\/users\/1"}],"replies":[{"embeddable":true,"href":"https:\/\/europejobbridge.nl\/tr\/wp-json\/wp\/v2\/comments?post=71"}],"version-history":[{"count":30,"href":"https:\/\/europejobbridge.nl\/tr\/wp-json\/wp\/v2\/pages\/71\/revisions"}],"predecessor-version":[{"id":794,"href":"https:\/\/europejobbridge.nl\/tr\/wp-json\/wp\/v2\/pages\/71\/revisions\/794"}],"wp:attachment":[{"href":"https:\/\/europejobbridge.nl\/tr\/wp-json\/wp\/v2\/media?parent=71"}],"curies":[{"name":"wp","href":"https:\/\/api.w.org\/{rel}","templated":true}]}}